{"id":3711,"date":"2024-03-08T07:57:25","date_gmt":"2024-03-08T07:57:25","guid":{"rendered":"https:\/\/deltaagrar.rs\/about-us\/kvalitet\/"},"modified":"2024-09-30T14:44:30","modified_gmt":"2024-09-30T14:44:30","slug":"quality","status":"publish","type":"page","link":"https:\/\/deltaagrar.rs\/en\/about-us\/quality\/","title":{"rendered":"Quality"},"content":{"rendered":"\r\n<section class=\"hero\">\r\n    <div class=\"hero__main\">\r\n                                                                        <img decoding=\"async\" class=\"hero__image hero__image--desktop\"\r\n                         src=\"https:\/\/deltaagrar.rs\/wp-content\/uploads\/2024\/03\/VEL_8532s9.jpg\"\r\n                         srcset=\"\r\n                             https:\/\/deltaagrar.rs\/wp-content\/uploads\/2024\/03\/VEL_8532s9-150x150.jpg 150w,\r\n                             https:\/\/deltaagrar.rs\/wp-content\/uploads\/2024\/03\/VEL_8532s9-300x169.jpg 300w,\r\n                             https:\/\/deltaagrar.rs\/wp-content\/uploads\/2024\/03\/VEL_8532s9-768x433.jpg 768w,\r\n                             https:\/\/deltaagrar.rs\/wp-content\/uploads\/2024\/03\/VEL_8532s9-1024x578.jpg 1024w,\r\n                             https:\/\/deltaagrar.rs\/wp-content\/uploads\/2024\/03\/VEL_8532s9-1536x867.jpg 1536w,\r\n                             https:\/\/deltaagrar.rs\/wp-content\/uploads\/2024\/03\/VEL_8532s9-2048x1156.jpg 2048w\"\r\n                         alt=\"\">\r\n                                            <div class=\"hero__gradient\"><\/div>\r\n        <div class=\"hero__gradient hero__gradient--bottom\"><\/div>\r\n        <div class=\"container\">\r\n            <p class=\"hero__breadcrumb\"><span><span><a href=\"https:\/\/deltaagrar.rs\/en\/\">Home<\/a><\/span><\/span><\/p>            <div class=\"hero__content\">\r\n                <div class=\"hero__text\">\r\n                                        <h1 class=\"hero__title h1\">Quality<\/h1>\r\n                <\/div>\r\n                            <\/div>\r\n        <\/div>\r\n    <\/div>\r\n    <\/section>\r\n\r\n\n\n\r\n\r\n<section\r\n        class=\"image-text image-text--text-image    image-text--blue image\">\r\n    <div class=\"container\">\r\n        <div class=\"image-text__text\">\r\n                            <div class=\"image-text__graphics\">\r\n                                    <\/div>\r\n                        <div class=\"image-text__content\">\r\n                                                                                <div class=\"image-text__paragraphs\"><p>Our company boasts a highly successful tradition in food production.<\/p>\n<p>Thanks to years of systematic work and dedication to achieving and maintaining the highest standards of product and service quality, Delta Agrar has gained a strong reputation and is among the leaders in food quality and safety.<\/p>\n<\/div>\r\n                                                                    <\/div>\r\n        <\/div>\r\n                                                        <img decoding=\"async\" class=\"image-text__img\"\r\n                         src=\"https:\/\/deltaagrar.rs\/wp-content\/uploads\/2024\/03\/Mask-grousqp.jpg\"\r\n                         srcset=\"https:\/\/deltaagrar.rs\/wp-content\/uploads\/2024\/03\/Mask-grousqp-150x150.jpg 150w,\r\n                             https:\/\/deltaagrar.rs\/wp-content\/uploads\/2024\/03\/Mask-grousqp-300x159.jpg 300w,\r\n                             https:\/\/deltaagrar.rs\/wp-content\/uploads\/2024\/03\/Mask-grousqp-768x406.jpg 768w,\r\n                             https:\/\/deltaagrar.rs\/wp-content\/uploads\/2024\/03\/Mask-grousqp.jpg 1024w,\r\n                             https:\/\/deltaagrar.rs\/wp-content\/uploads\/2024\/03\/Mask-grousqp.jpg 1536w\"\r\n                         sizes=\"(min-width: 1024px) 768px, 100vw\"\r\n                         alt=\"\">\r\n                                        <\/div>\r\n    <\/section>\r\n\n\n\r\n\r\n<section\r\n        class=\"image-text image-text--text-image image-text--reverse   image-text--blue image\">\r\n    <div class=\"container\">\r\n        <div class=\"image-text__text\">\r\n                            <div class=\"image-text__graphics\">\r\n                                    <\/div>\r\n                        <div class=\"image-text__content\">\r\n                                                                                <div class=\"image-text__paragraphs\"><p>In the food production sector, we are equipped with the most modern equipment and technology for storage, calibration, and packaging, which enables us to meet even the most demanding needs of our customers. Our products are sold both domestically and internationally.<\/p>\n<p>All employees at Delta Agrar are committed to delivering high-quality, safe food products to the market while complying with all legal regulations.<\/p>\n<\/div>\r\n                                                                    <\/div>\r\n        <\/div>\r\n                                                        <img decoding=\"async\" class=\"image-text__img\"\r\n                         src=\"https:\/\/deltaagrar.rs\/wp-content\/uploads\/2024\/03\/Mask-groggup.jpg\"\r\n                         srcset=\"https:\/\/deltaagrar.rs\/wp-content\/uploads\/2024\/03\/Mask-groggup-150x150.jpg 150w,\r\n                             https:\/\/deltaagrar.rs\/wp-content\/uploads\/2024\/03\/Mask-groggup-300x159.jpg 300w,\r\n                             https:\/\/deltaagrar.rs\/wp-content\/uploads\/2024\/03\/Mask-groggup-768x406.jpg 768w,\r\n                             https:\/\/deltaagrar.rs\/wp-content\/uploads\/2024\/03\/Mask-groggup.jpg 1024w,\r\n                             https:\/\/deltaagrar.rs\/wp-content\/uploads\/2024\/03\/Mask-groggup.jpg 1536w\"\r\n                         sizes=\"(min-width: 1024px) 768px, 100vw\"\r\n                         alt=\"\">\r\n                                        <\/div>\r\n    <\/section>\r\n\n\n\r\n<section class=\"cover-two full medium image\">\r\n    <div class=\"container\">\r\n        <div class=\"cover-two__content\">\r\n                            <img decoding=\"async\" class=\"cover-two__img\"\r\n                     src=\"https:\/\/deltaagrar.rs\/wp-content\/uploads\/2024\/03\/Group-7710.jpg\"\r\n                     alt=\"\">\r\n                <div class=\"cover-two__gradient\"><\/div>\r\n                                                            <p class=\"cover-two__text\">What truly sets us apart and represents our competitive advantage is the dedication of our employees, extensive experience, and cutting-edge technology, which allows us to maintain a consistent level of food quality and safety.<\/p>\r\n                                    <\/div>\r\n    <\/div>\r\n<\/section>\r\n\r\n\n\n\r\n<section class=\"cover-two full small none\">\r\n    <div class=\"container\">\r\n        <div class=\"cover-two__content\">\r\n                                                            <p class=\"cover-two__text\">By continuously monitoring the market and customer behavior, we are able to respond to their demands and produce what customers want. The ongoing improvement and application of quality systems, food safety, and ethical business practices, while respecting the requirements of standards such as IFS, SMETA, ISCC, GLOBALGAP, ISO 9001, and others, allow us to guarantee the top quality of our products.<\/p>\r\n                                    <\/div>\r\n    <\/div>\r\n<\/section>\r\n\r\n\n\n\r\n<section class=\"logos\">\r\n    <div class=\"container\">\r\n                    <img decoding=\"async\" class=\"logos__logo\"\r\n                 src=\"https:\/\/deltaagrar.rs\/wp-content\/uploads\/2024\/04\/ISO.png\"\r\n                 alt=\"\">\r\n                    <img decoding=\"async\" class=\"logos__logo\"\r\n                 src=\"https:\/\/deltaagrar.rs\/wp-content\/uploads\/2024\/04\/IFS.png\"\r\n                 alt=\"\">\r\n                    <img decoding=\"async\" class=\"logos__logo\"\r\n                 src=\"https:\/\/deltaagrar.rs\/wp-content\/uploads\/2024\/04\/global-gap.png\"\r\n                 alt=\"\">\r\n                    <img decoding=\"async\" class=\"logos__logo\"\r\n                 src=\"https:\/\/deltaagrar.rs\/wp-content\/uploads\/2024\/04\/ISCC.png\"\r\n                 alt=\"\">\r\n                    <img decoding=\"async\" class=\"logos__logo\"\r\n                 src=\"https:\/\/deltaagrar.rs\/wp-content\/uploads\/2024\/04\/HACCP.png\"\r\n                 alt=\"\">\r\n                    <img decoding=\"async\" class=\"logos__logo\"\r\n                 src=\"https:\/\/deltaagrar.rs\/wp-content\/uploads\/2024\/04\/HQC.png\"\r\n                 alt=\"\">\r\n                    <img decoding=\"async\" class=\"logos__logo\"\r\n                 src=\"https:\/\/deltaagrar.rs\/wp-content\/uploads\/2024\/04\/GMP.png\"\r\n                 alt=\"\">\r\n                    <img decoding=\"async\" class=\"logos__logo\"\r\n                 src=\"https:\/\/deltaagrar.rs\/wp-content\/uploads\/2024\/04\/GRASP.png\"\r\n                 alt=\"\">\r\n                    <img decoding=\"async\" class=\"logos__logo\"\r\n                 src=\"https:\/\/deltaagrar.rs\/wp-content\/uploads\/2024\/04\/DONAU-SOJA.png\"\r\n                 alt=\"\">\r\n                    <img decoding=\"async\" class=\"logos__logo\"\r\n                 src=\"https:\/\/deltaagrar.rs\/wp-content\/uploads\/2024\/04\/COC.png\"\r\n                 alt=\"\">\r\n            <\/div>\r\n<\/section>\r\n\r\n\n\n\r\n<section class=\"contact js-contact\" id=\"contact-section\">\r\n    <div class=\"container\">\r\n                <div class=\"contact__lists\">\r\n                                            <div class=\"contact__list js-contact-list active\">\r\n                                            <h3 class=\"contact__list-category js-contact-list-category h3\">\r\n                            Quality                            <svg xmlns=\"http:\/\/www.w3.org\/2000\/svg\" width=\"27\" height=\"15\" viewBox=\"0 0 27 15\"\r\n                                 fill=\"none\">\r\n                                <path d=\"M1.5 1L13.5 13L25.5 1\" stroke=\"#879FA8\" stroke-width=\"2\"\r\n                                      stroke-linecap=\"round\"\/>\r\n                            <\/svg>\r\n                        <\/h3>\r\n                                        <div class=\"contact__list-content js-contact-list-content\">\r\n                        <div class=\"contact__list-inner \">\r\n                                                                                                                                    <div class=\"contact__person\">\r\n                                                                                    <h4 class=\"contact__person-name h3\">Du\u0161ko \u0160kori\u0107<\/h4>\r\n                                                                                                                            <p class=\"contact__person-role\">Quality System Manager<\/p>\r\n                                                                                <div class=\"contact__person-info\">\r\n                                                                                                                                        <a class=\"contact__person-cta contact__person-cta--email\"\r\n                                                   href=\"mailto:dusko.skoric@deltaagrar.rs\">\r\n                                                    <svg xmlns=\"http:\/\/www.w3.org\/2000\/svg\" width=\"54\" height=\"54\" viewBox=\"0 0 54 54\" fill=\"none\">\r\n                                                        <circle cx=\"27\" cy=\"27.2734\" r=\"26\" stroke=\"#67C18C\"\/>\r\n                                                        <mask id=\"mask0_4_72174\" style=\"mask-type:alpha\" maskUnits=\"userSpaceOnUse\" x=\"17\" y=\"17\" width=\"21\" height=\"21\">\r\n                                                            <rect x=\"17.5\" y=\"17.7734\" width=\"20\" height=\"20\" fill=\"#D9D9D9\"\/>\r\n                                                        <\/mask>\r\n                                                        <g mask=\"url(#mask0_4_72174)\">\r\n                                                            <path d=\"M21 33.7734C20.5875 33.7734 20.2344 33.6265 19.9406 33.3326C19.6469 33.0386 19.5 32.6853 19.5 32.2726V23.2675C19.5 22.8548 19.6469 22.5026 19.9406 22.2109C20.2344 21.9193 20.5875 21.7734 21 21.7734H34C34.4125 21.7734 34.7656 21.9204 35.0594 22.2143C35.3531 22.5082 35.5 22.8615 35.5 23.2743V32.2793C35.5 32.6921 35.3531 33.0443 35.0594 33.3359C34.7656 33.6276 34.4125 33.7734 34 33.7734H21ZM27.5 28.7734L21 25.0443V32.2734H34V25.0443L27.5 28.7734ZM27.5 27.0026L34 23.2734H21L27.5 27.0026ZM21 25.0443V23.2734V32.2734V25.0443Z\" fill=\"#67C18C\"\/>\r\n                                                        <\/g>\r\n                                                    <\/svg>\r\n                                                    dusko.skoric@deltaagrar.rs                                                <\/a>\r\n                                                                                    <\/div>\r\n                                    <\/div>\r\n                                                                                    <\/div>\r\n                    <\/div>\r\n                <\/div>\r\n                                    <\/div>\r\n    <\/div>\r\n<\/section>\r\n","protected":false},"excerpt":{"rendered":"<p>Our company has an extremely successful tradition in food production.<\/p>\n<p>Due to systematic, long-term efforts and dedication to achieving and maintaining the highest standards of quality in products and services, Delta Agrar has earned a high reputation and is among the leaders in food quality and safety.<\/p>\n","protected":false},"author":1,"featured_media":3063,"parent":3487,"menu_order":0,"comment_status":"closed","ping_status":"closed","template":"","meta":{"_acf_changed":false,"_monsterinsights_skip_tracking":false,"_monsterinsights_sitenote_active":false,"_monsterinsights_sitenote_note":"","_monsterinsights_sitenote_category":0,"footnotes":""},"class_list":["post-3711","page","type-page","status-publish","has-post-thumbnail","hentry"],"acf":[],"yoast_head":"<!-- This site is optimized with the Yoast SEO plugin v27.4 - https:\/\/yoast.com\/product\/yoast-seo-wordpress\/ -->\n<title>Quality - agrar<\/title>\n<meta name=\"robots\" content=\"index, follow, max-snippet:-1, max-image-preview:large, max-video-preview:-1\" \/>\n<link rel=\"canonical\" href=\"https:\/\/deltaagrar.rs\/en\/about-us\/quality\/\" \/>\n<meta property=\"og:locale\" content=\"en_US\" \/>\n<meta property=\"og:type\" content=\"article\" \/>\n<meta property=\"og:title\" content=\"Quality - agrar\" \/>\n<meta property=\"og:description\" content=\"Our company has an extremely successful tradition in food production. Due to systematic, long-term efforts and dedication to achieving and maintaining the highest standards of quality in products and services, Delta Agrar has earned a high reputation and is among the leaders in food quality and safety.\" \/>\n<meta property=\"og:url\" content=\"https:\/\/deltaagrar.rs\/en\/about-us\/quality\/\" \/>\n<meta property=\"og:site_name\" content=\"agrar\" \/>\n<meta property=\"article:modified_time\" content=\"2024-09-30T14:44:30+00:00\" \/>\n<meta property=\"og:image\" content=\"https:\/\/deltaagrar.rs\/wp-content\/uploads\/2024\/03\/VEL_8532s9-1024x578.jpg\" \/>\n\t<meta property=\"og:image:width\" content=\"1024\" \/>\n\t<meta property=\"og:image:height\" content=\"578\" \/>\n\t<meta property=\"og:image:type\" content=\"image\/jpeg\" \/>\n<meta name=\"twitter:card\" content=\"summary_large_image\" \/>\n<meta name=\"twitter:label1\" content=\"Est. reading time\" \/>\n\t<meta name=\"twitter:data1\" content=\"1 minute\" \/>\n<script type=\"application\/ld+json\" class=\"yoast-schema-graph\">{\"@context\":\"https:\\\/\\\/schema.org\",\"@graph\":[{\"@type\":\"WebPage\",\"@id\":\"https:\\\/\\\/deltaagrar.rs\\\/en\\\/about-us\\\/quality\\\/\",\"url\":\"https:\\\/\\\/deltaagrar.rs\\\/en\\\/about-us\\\/quality\\\/\",\"name\":\"Quality - agrar\",\"isPartOf\":{\"@id\":\"https:\\\/\\\/deltaagrar.rs\\\/#website\"},\"primaryImageOfPage\":{\"@id\":\"https:\\\/\\\/deltaagrar.rs\\\/en\\\/about-us\\\/quality\\\/#primaryimage\"},\"image\":{\"@id\":\"https:\\\/\\\/deltaagrar.rs\\\/en\\\/about-us\\\/quality\\\/#primaryimage\"},\"thumbnailUrl\":\"https:\\\/\\\/deltaagrar.rs\\\/wp-content\\\/uploads\\\/2024\\\/03\\\/VEL_8532s9.jpg\",\"datePublished\":\"2024-03-08T07:57:25+00:00\",\"dateModified\":\"2024-09-30T14:44:30+00:00\",\"breadcrumb\":{\"@id\":\"https:\\\/\\\/deltaagrar.rs\\\/en\\\/about-us\\\/quality\\\/#breadcrumb\"},\"inLanguage\":\"en-US\",\"potentialAction\":[{\"@type\":\"ReadAction\",\"target\":[\"https:\\\/\\\/deltaagrar.rs\\\/en\\\/about-us\\\/quality\\\/\"]}]},{\"@type\":\"ImageObject\",\"inLanguage\":\"en-US\",\"@id\":\"https:\\\/\\\/deltaagrar.rs\\\/en\\\/about-us\\\/quality\\\/#primaryimage\",\"url\":\"https:\\\/\\\/deltaagrar.rs\\\/wp-content\\\/uploads\\\/2024\\\/03\\\/VEL_8532s9.jpg\",\"contentUrl\":\"https:\\\/\\\/deltaagrar.rs\\\/wp-content\\\/uploads\\\/2024\\\/03\\\/VEL_8532s9.jpg\",\"width\":2160,\"height\":1219},{\"@type\":\"BreadcrumbList\",\"@id\":\"https:\\\/\\\/deltaagrar.rs\\\/en\\\/about-us\\\/quality\\\/#breadcrumb\",\"itemListElement\":[{\"@type\":\"ListItem\",\"position\":1,\"name\":\"Home\",\"item\":\"https:\\\/\\\/deltaagrar.rs\\\/en\\\/\"},{\"@type\":\"ListItem\",\"position\":2,\"name\":\"About us\",\"item\":\"https:\\\/\\\/deltaagrar.rs\\\/en\\\/about-us\\\/\"},{\"@type\":\"ListItem\",\"position\":3,\"name\":\"Quality\"}]},{\"@type\":\"WebSite\",\"@id\":\"https:\\\/\\\/deltaagrar.rs\\\/#website\",\"url\":\"https:\\\/\\\/deltaagrar.rs\\\/\",\"name\":\"agrar\",\"description\":\"\",\"potentialAction\":[{\"@type\":\"SearchAction\",\"target\":{\"@type\":\"EntryPoint\",\"urlTemplate\":\"https:\\\/\\\/deltaagrar.rs\\\/?s={search_term_string}\"},\"query-input\":{\"@type\":\"PropertyValueSpecification\",\"valueRequired\":true,\"valueName\":\"search_term_string\"}}],\"inLanguage\":\"en-US\"}]}<\/script>\n<!-- \/ Yoast SEO plugin. -->","yoast_head_json":{"title":"Quality - agrar","robots":{"index":"index","follow":"follow","max-snippet":"max-snippet:-1","max-image-preview":"max-image-preview:large","max-video-preview":"max-video-preview:-1"},"canonical":"https:\/\/deltaagrar.rs\/en\/about-us\/quality\/","og_locale":"en_US","og_type":"article","og_title":"Quality - agrar","og_description":"Our company has an extremely successful tradition in food production. Due to systematic, long-term efforts and dedication to achieving and maintaining the highest standards of quality in products and services, Delta Agrar has earned a high reputation and is among the leaders in food quality and safety.","og_url":"https:\/\/deltaagrar.rs\/en\/about-us\/quality\/","og_site_name":"agrar","article_modified_time":"2024-09-30T14:44:30+00:00","og_image":[{"width":1024,"height":578,"url":"https:\/\/deltaagrar.rs\/wp-content\/uploads\/2024\/03\/VEL_8532s9-1024x578.jpg","type":"image\/jpeg"}],"twitter_card":"summary_large_image","twitter_misc":{"Est. reading time":"1 minute"},"schema":{"@context":"https:\/\/schema.org","@graph":[{"@type":"WebPage","@id":"https:\/\/deltaagrar.rs\/en\/about-us\/quality\/","url":"https:\/\/deltaagrar.rs\/en\/about-us\/quality\/","name":"Quality - agrar","isPartOf":{"@id":"https:\/\/deltaagrar.rs\/#website"},"primaryImageOfPage":{"@id":"https:\/\/deltaagrar.rs\/en\/about-us\/quality\/#primaryimage"},"image":{"@id":"https:\/\/deltaagrar.rs\/en\/about-us\/quality\/#primaryimage"},"thumbnailUrl":"https:\/\/deltaagrar.rs\/wp-content\/uploads\/2024\/03\/VEL_8532s9.jpg","datePublished":"2024-03-08T07:57:25+00:00","dateModified":"2024-09-30T14:44:30+00:00","breadcrumb":{"@id":"https:\/\/deltaagrar.rs\/en\/about-us\/quality\/#breadcrumb"},"inLanguage":"en-US","potentialAction":[{"@type":"ReadAction","target":["https:\/\/deltaagrar.rs\/en\/about-us\/quality\/"]}]},{"@type":"ImageObject","inLanguage":"en-US","@id":"https:\/\/deltaagrar.rs\/en\/about-us\/quality\/#primaryimage","url":"https:\/\/deltaagrar.rs\/wp-content\/uploads\/2024\/03\/VEL_8532s9.jpg","contentUrl":"https:\/\/deltaagrar.rs\/wp-content\/uploads\/2024\/03\/VEL_8532s9.jpg","width":2160,"height":1219},{"@type":"BreadcrumbList","@id":"https:\/\/deltaagrar.rs\/en\/about-us\/quality\/#breadcrumb","itemListElement":[{"@type":"ListItem","position":1,"name":"Home","item":"https:\/\/deltaagrar.rs\/en\/"},{"@type":"ListItem","position":2,"name":"About us","item":"https:\/\/deltaagrar.rs\/en\/about-us\/"},{"@type":"ListItem","position":3,"name":"Quality"}]},{"@type":"WebSite","@id":"https:\/\/deltaagrar.rs\/#website","url":"https:\/\/deltaagrar.rs\/","name":"agrar","description":"","potentialAction":[{"@type":"SearchAction","target":{"@type":"EntryPoint","urlTemplate":"https:\/\/deltaagrar.rs\/?s={search_term_string}"},"query-input":{"@type":"PropertyValueSpecification","valueRequired":true,"valueName":"search_term_string"}}],"inLanguage":"en-US"}]}},"jetpack_sharing_enabled":true,"_links":{"self":[{"href":"https:\/\/deltaagrar.rs\/en\/wp-json\/wp\/v2\/pages\/3711","targetHints":{"allow":["GET"]}}],"collection":[{"href":"https:\/\/deltaagrar.rs\/en\/wp-json\/wp\/v2\/pages"}],"about":[{"href":"https:\/\/deltaagrar.rs\/en\/wp-json\/wp\/v2\/types\/page"}],"author":[{"embeddable":true,"href":"https:\/\/deltaagrar.rs\/en\/wp-json\/wp\/v2\/users\/1"}],"replies":[{"embeddable":true,"href":"https:\/\/deltaagrar.rs\/en\/wp-json\/wp\/v2\/comments?post=3711"}],"version-history":[{"count":0,"href":"https:\/\/deltaagrar.rs\/en\/wp-json\/wp\/v2\/pages\/3711\/revisions"}],"up":[{"embeddable":true,"href":"https:\/\/deltaagrar.rs\/en\/wp-json\/wp\/v2\/pages\/3487"}],"wp:featuredmedia":[{"embeddable":true,"href":"https:\/\/deltaagrar.rs\/en\/wp-json\/wp\/v2\/media\/3063"}],"wp:attachment":[{"href":"https:\/\/deltaagrar.rs\/en\/wp-json\/wp\/v2\/media?parent=3711"}],"curies":[{"name":"wp","href":"https:\/\/api.w.org\/{rel}","templated":true}]}}